{"id":237,"date":"2017-12-07T13:12:28","date_gmt":"2017-12-07T12:12:28","guid":{"rendered":"https:\/\/www.groupe-cmo.com\/?page_id=237"},"modified":"2017-12-18T14:57:07","modified_gmt":"2017-12-18T13:57:07","slug":"recruitment","status":"publish","type":"page","link":"http:\/\/www.groupe-cmo.com\/en\/recruitment\/","title":{"rendered":"Career"},"content":{"rendered":"<div class=\"wpb-content-wrapper\"><p>[vc_row full_width=&#8221;stretch_row_content_no_spaces&#8221;][vc_column][vc_column_text]<iframe loading=\"lazy\" style=\"border: 0;\" src=\"https:\/\/www.google.com\/maps\/embed?pb=!1m18!1m12!1m3!1d665084.9524157405!2d-1.5527989518200163!3d49.371298216558905!2m3!1f0!2f0!3f0!3m2!1i1024!2i768!4f13.1!3m3!1m2!1s0x480c9778af1c58ad%3A0x4f7ba2ccc00c31c5!2sConstructions+M%C3%A9talliques+de+l'Ouest!5e0!3m2!1sfr!2sfr!4v1511414118624\" width=\"100%\" height=\"450\" frameborder=\"0\" allowfullscreen=\"allowfullscreen\" data-mce-fragment=\"1\"><span style=\"display: inline-block; width: 0px; overflow: hidden; line-height: 0;\" data-mce-type=\"bookmark\" class=\"mce_SELRES_start\">\ufeff<\/span><\/iframe>[\/vc_column_text][\/vc_column][\/vc_row][vc_row][vc_column width=&#8221;1\/3&#8243;][vc_column_text css_animation=&#8221;fadeIn&#8221;]<\/p>\n<h2 style=\"text-align: center;\">Agence de Tourlaville<\/h2>\n<h3 style=\"text-align: center;\">Si\u00e8ge Social<\/h3>\n<p style=\"text-align: center;\">57 rue des foug\u00e8res<br \/>\n50110 TOURLAVILLE<br \/>\nT\u00e9l : 02 33 44 55 06 \/ fax : 02 33 44 32 14<\/p>\n<p>[\/vc_column_text][\/vc_column][vc_column width=&#8221;1\/3&#8243;][vc_column_text css_animation=&#8221;fadeIn&#8221;]<\/p>\n<h3 style=\"text-align: center;\">Agence de la Hague<\/h3>\n<p style=\"text-align: center;\">Le bourg<br \/>\n50440 HERQUEVILLE<br \/>\nT\u00e9l : 02 33 04 21 35<\/p>\n<p>[\/vc_column_text][\/vc_column][vc_column width=&#8221;1\/3&#8243;][vc_column_text css_animation=&#8221;fadeIn&#8221;]<\/p>\n<h3 style=\"text-align: center;\">Agence de Cherbourg \u2013 base navale<\/h3>\n<p style=\"text-align: center;\">Chantier Z\u00e9d\u00e9 Nef<br \/>\nMagasin Trench<br \/>\n50100 CHERBOURG<br \/>\nT\u00e9l : 02 33 01 31 40 \/ fax : 02 33 01 21 83<\/p>\n<p>[\/vc_column_text][\/vc_column][\/vc_row][vc_row full_width=&#8221;stretch_row&#8221; bg_type=&#8221;bg_color&#8221; bg_color_value=&#8221;#103048&#8243;][vc_column][vc_column_text css_animation=&#8221;top-to-bottom&#8221; el_id=&#8221;text-blanc&#8221;]<\/p>\n<h3 style=\"text-align: center;\">You wish to apply to our company ?<\/h3>\n<p style=\"text-align: center;\">We are always looking for speculative applications. Please send your cv and resume, we will get back to you shortly.<\/p>\n<p>[\/vc_column_text][vc_row_inner][vc_column_inner]\n<div class=\"wpcf7 no-js\" id=\"wpcf7-f257-o1\" lang=\"fr-FR\" dir=\"ltr\" data-wpcf7-id=\"257\">\n<div class=\"screen-reader-response\"><p role=\"status\" aria-live=\"polite\" aria-atomic=\"true\"><\/p> <ul><\/ul><\/div>\n<form action=\"\/en\/wp-json\/wp\/v2\/pages\/237\/#wpcf7-f257-o1\" method=\"post\" class=\"wpcf7-form init\" aria-label=\"Formulaire de contact\" enctype=\"multipart\/form-data\" novalidate=\"novalidate\" data-status=\"init\">\n<fieldset class=\"hidden-fields-container\"><input type=\"hidden\" name=\"_wpcf7\" value=\"257\" \/><input type=\"hidden\" name=\"_wpcf7_version\" value=\"6.1.5\" \/><input type=\"hidden\" name=\"_wpcf7_locale\" value=\"fr_FR\" \/><input type=\"hidden\" name=\"_wpcf7_unit_tag\" value=\"wpcf7-f257-o1\" \/><input type=\"hidden\" name=\"_wpcf7_container_post\" value=\"0\" \/><input type=\"hidden\" name=\"_wpcf7_posted_data_hash\" value=\"\" \/>\n<\/fieldset>\n<p><label> Name *<br \/>\n<span class=\"wpcf7-form-control-wrap\" data-name=\"your-name\"><input size=\"40\" maxlength=\"400\" class=\"wpcf7-form-control wpcf7-text wpcf7-validates-as-required\" aria-required=\"true\" aria-invalid=\"false\" value=\"\" type=\"text\" name=\"your-name\" \/><\/span> <\/label>\n<\/p>\n<p><label> E-mail *<br \/>\n<span class=\"wpcf7-form-control-wrap\" data-name=\"your-email\"><input size=\"40\" maxlength=\"400\" class=\"wpcf7-form-control wpcf7-email wpcf7-validates-as-required wpcf7-text wpcf7-validates-as-email\" aria-required=\"true\" aria-invalid=\"false\" value=\"\" type=\"email\" name=\"your-email\" \/><\/span> <\/label>\n<\/p>\n<p><label> Phone *<br \/>\n<span class=\"wpcf7-form-control-wrap\" data-name=\"tel-874\"><input size=\"40\" maxlength=\"400\" class=\"wpcf7-form-control wpcf7-tel wpcf7-validates-as-required wpcf7-text wpcf7-validates-as-tel\" aria-required=\"true\" aria-invalid=\"false\" value=\"\" type=\"tel\" name=\"tel-874\" \/><\/span><\/label>\n<\/p>\n<p><label>CV<br \/>\n<span class=\"wpcf7-form-control-wrap\" data-name=\"file-72\"><input size=\"40\" class=\"wpcf7-form-control wpcf7-file\" accept=\".doc,.pdf,.docx,.odt\" aria-invalid=\"false\" type=\"file\" name=\"file-72\" \/><\/span><\/label>\n<\/p>\n<p class=\"full\"><br \/>\n<label> Message<br \/>\n<span class=\"wpcf7-form-control-wrap\" data-name=\"your-message\"><textarea cols=\"40\" rows=\"10\" maxlength=\"2000\" class=\"wpcf7-form-control wpcf7-textarea\" aria-invalid=\"false\" name=\"your-message\"><\/textarea><\/span> <\/label>\n<\/p>\n<p class=\"submit\"><input class=\"wpcf7-form-control wpcf7-submit has-spinner\" type=\"submit\" value=\"Submit\" \/>\n<\/p>\n<div style=\"color:#fff;\">\n\t<p>*Required\n\t<\/p>\n<\/div>\n<div class=\"wpcf7-response-output\" aria-hidden=\"true\"><\/div>\n<\/form>\n<\/div>\n[\/vc_column_inner][\/vc_row_inner][vc_empty_space][\/vc_column][\/vc_row]<\/p>\n<\/div>","protected":false},"excerpt":{"rendered":"<p>\ufeff Agence de Tourlaville Si\u00e8ge Social 57 rue des foug\u00e8res 50110 TOURLAVILLE T\u00e9l : 02 33 44 55 06 \/ fax : 02 33 44 32 14  Agence de la Hague Le bourg 50440 HERQUEVILLE T\u00e9l : 02 33 04 21 35  Agence de Cherbourg \u2013 base navale Chantier Z\u00e9d\u00e9 Nef Magasin Trench 50100 CHERBOURG T\u00e9l : 02 33 01 31 40 \/ fax : 02 33 01 21 83  You wish to apply to our company ? We are always looking for speculative applications. <\/p>\n","protected":false},"author":3,"featured_media":0,"parent":0,"menu_order":0,"comment_status":"closed","ping_status":"closed","template":"","meta":{"footnotes":""},"class_list":["post-237","page","type-page","status-publish","hentry"],"yoast_head":"<!-- This site is optimized with the Yoast SEO plugin v27.2 - https:\/\/yoast.com\/product\/yoast-seo-wordpress\/ -->\n<title>Career - Be part of our team ! CMO group In Normandy<\/title>\n<meta name=\"description\" content=\"CMO group in Normandy (Cherbourg) is always looking for speculative applications. Please send your cv and resume, we will get back to you shortly.\" \/>\n<meta name=\"robots\" content=\"index, follow, max-snippet:-1, max-image-preview:large, max-video-preview:-1\" \/>\n<link rel=\"canonical\" href=\"http:\/\/www.groupe-cmo.com\/en\/recruitment\/\" \/>\n<meta property=\"og:locale\" content=\"en_US\" \/>\n<meta property=\"og:type\" content=\"article\" \/>\n<meta property=\"og:title\" content=\"Career - Be part of our team ! CMO group In Normandy\" \/>\n<meta property=\"og:description\" content=\"CMO group in Normandy (Cherbourg) is always looking for speculative applications. Please send your cv and resume, we will get back to you shortly.\" \/>\n<meta property=\"og:url\" content=\"http:\/\/www.groupe-cmo.com\/en\/recruitment\/\" \/>\n<meta property=\"og:site_name\" content=\"Groupe CMO\" \/>\n<meta property=\"article:publisher\" content=\"https:\/\/www.facebook.com\/profile.php?id=61561232308630\" \/>\n<meta property=\"article:modified_time\" content=\"2017-12-18T13:57:07+00:00\" \/>\n<meta property=\"og:image\" content=\"http:\/\/www.groupe-cmo.com\/wp-content\/uploads\/2024\/07\/LOGO-LINKEDIN.png\" \/>\n\t<meta property=\"og:image:width\" content=\"640\" \/>\n\t<meta property=\"og:image:height\" content=\"640\" \/>\n\t<meta property=\"og:image:type\" content=\"image\/png\" \/>\n<meta name=\"twitter:card\" content=\"summary_large_image\" \/>\n<meta name=\"twitter:label1\" content=\"Est. reading time\" \/>\n\t<meta name=\"twitter:data1\" content=\"1 minute\" \/>\n<script type=\"application\/ld+json\" class=\"yoast-schema-graph\">{\"@context\":\"https:\/\/schema.org\",\"@graph\":[{\"@type\":\"WebPage\",\"@id\":\"http:\/\/www.groupe-cmo.com\/en\/recruitment\/\",\"url\":\"http:\/\/www.groupe-cmo.com\/en\/recruitment\/\",\"name\":\"Career - Be part of our team ! CMO group In Normandy\",\"isPartOf\":{\"@id\":\"https:\/\/www.groupe-cmo.com\/en\/#website\"},\"datePublished\":\"2017-12-07T12:12:28+00:00\",\"dateModified\":\"2017-12-18T13:57:07+00:00\",\"description\":\"CMO group in Normandy (Cherbourg) is always looking for speculative applications. Please send your cv and resume, we will get back to you shortly.\",\"breadcrumb\":{\"@id\":\"http:\/\/www.groupe-cmo.com\/en\/recruitment\/#breadcrumb\"},\"inLanguage\":\"en-US\",\"potentialAction\":[{\"@type\":\"ReadAction\",\"target\":[\"http:\/\/www.groupe-cmo.com\/en\/recruitment\/\"]}]},{\"@type\":\"BreadcrumbList\",\"@id\":\"http:\/\/www.groupe-cmo.com\/en\/recruitment\/#breadcrumb\",\"itemListElement\":[{\"@type\":\"ListItem\",\"position\":1,\"name\":\"Accueil\",\"item\":\"https:\/\/www.groupe-cmo.com\/en\/\"},{\"@type\":\"ListItem\",\"position\":2,\"name\":\"Career\"}]},{\"@type\":\"WebSite\",\"@id\":\"https:\/\/www.groupe-cmo.com\/en\/#website\",\"url\":\"https:\/\/www.groupe-cmo.com\/en\/\",\"name\":\"Groupe CMO\",\"description\":\"Constructions M\u00e9talliques de l&#039;Ouest\",\"potentialAction\":[{\"@type\":\"SearchAction\",\"target\":{\"@type\":\"EntryPoint\",\"urlTemplate\":\"https:\/\/www.groupe-cmo.com\/en\/?s={search_term_string}\"},\"query-input\":{\"@type\":\"PropertyValueSpecification\",\"valueRequired\":true,\"valueName\":\"search_term_string\"}}],\"inLanguage\":\"en-US\"}]}<\/script>\n<!-- \/ Yoast SEO plugin. -->","yoast_head_json":{"title":"Career - Be part of our team ! CMO group In Normandy","description":"CMO group in Normandy (Cherbourg) is always looking for speculative applications. Please send your cv and resume, we will get back to you shortly.","robots":{"index":"index","follow":"follow","max-snippet":"max-snippet:-1","max-image-preview":"max-image-preview:large","max-video-preview":"max-video-preview:-1"},"canonical":"http:\/\/www.groupe-cmo.com\/en\/recruitment\/","og_locale":"en_US","og_type":"article","og_title":"Career - Be part of our team ! CMO group In Normandy","og_description":"CMO group in Normandy (Cherbourg) is always looking for speculative applications. Please send your cv and resume, we will get back to you shortly.","og_url":"http:\/\/www.groupe-cmo.com\/en\/recruitment\/","og_site_name":"Groupe CMO","article_publisher":"https:\/\/www.facebook.com\/profile.php?id=61561232308630","article_modified_time":"2017-12-18T13:57:07+00:00","og_image":[{"width":640,"height":640,"url":"http:\/\/www.groupe-cmo.com\/wp-content\/uploads\/2024\/07\/LOGO-LINKEDIN.png","type":"image\/png"}],"twitter_card":"summary_large_image","twitter_misc":{"Est. reading time":"1 minute"},"schema":{"@context":"https:\/\/schema.org","@graph":[{"@type":"WebPage","@id":"http:\/\/www.groupe-cmo.com\/en\/recruitment\/","url":"http:\/\/www.groupe-cmo.com\/en\/recruitment\/","name":"Career - Be part of our team ! CMO group In Normandy","isPartOf":{"@id":"https:\/\/www.groupe-cmo.com\/en\/#website"},"datePublished":"2017-12-07T12:12:28+00:00","dateModified":"2017-12-18T13:57:07+00:00","description":"CMO group in Normandy (Cherbourg) is always looking for speculative applications. Please send your cv and resume, we will get back to you shortly.","breadcrumb":{"@id":"http:\/\/www.groupe-cmo.com\/en\/recruitment\/#breadcrumb"},"inLanguage":"en-US","potentialAction":[{"@type":"ReadAction","target":["http:\/\/www.groupe-cmo.com\/en\/recruitment\/"]}]},{"@type":"BreadcrumbList","@id":"http:\/\/www.groupe-cmo.com\/en\/recruitment\/#breadcrumb","itemListElement":[{"@type":"ListItem","position":1,"name":"Accueil","item":"https:\/\/www.groupe-cmo.com\/en\/"},{"@type":"ListItem","position":2,"name":"Career"}]},{"@type":"WebSite","@id":"https:\/\/www.groupe-cmo.com\/en\/#website","url":"https:\/\/www.groupe-cmo.com\/en\/","name":"Groupe CMO","description":"Constructions M\u00e9talliques de l&#039;Ouest","potentialAction":[{"@type":"SearchAction","target":{"@type":"EntryPoint","urlTemplate":"https:\/\/www.groupe-cmo.com\/en\/?s={search_term_string}"},"query-input":{"@type":"PropertyValueSpecification","valueRequired":true,"valueName":"search_term_string"}}],"inLanguage":"en-US"}]}},"_links":{"self":[{"href":"http:\/\/www.groupe-cmo.com\/en\/wp-json\/wp\/v2\/pages\/237\/"}],"collection":[{"href":"http:\/\/www.groupe-cmo.com\/en\/wp-json\/wp\/v2\/pages\/"}],"about":[{"href":"http:\/\/www.groupe-cmo.com\/en\/wp-json\/wp\/v2\/types\/page\/"}],"author":[{"embeddable":true,"href":"http:\/\/www.groupe-cmo.com\/en\/wp-json\/wp\/v2\/users\/3\/"}],"replies":[{"embeddable":true,"href":"http:\/\/www.groupe-cmo.com\/en\/wp-json\/wp\/v2\/comments\/?post=237"}],"version-history":[{"count":0,"href":"http:\/\/www.groupe-cmo.com\/en\/wp-json\/wp\/v2\/pages\/237\/revisions\/"}],"wp:attachment":[{"href":"http:\/\/www.groupe-cmo.com\/en\/wp-json\/wp\/v2\/media\/?parent=237"}],"curies":[{"name":"wp","href":"https:\/\/api.w.org\/{rel}","templated":true}]}}